{"id":7,"date":"2020-11-19T18:47:52","date_gmt":"2020-11-19T17:47:52","guid":{"rendered":"https:\/\/www.rattoservis.sk\/web\/?page_id=7"},"modified":"2020-11-20T19:02:25","modified_gmt":"2020-11-20T18:02:25","slug":"domov","status":"publish","type":"page","link":"https:\/\/www.rattoservis.sk\/web\/index.php\/domov\/","title":{"rendered":"domov"},"content":{"rendered":"<div class=\"\" style=\"\">\n    \n    <section class=\"u-clearfix u-gradient u-section-2\" id=\"sec-ccee\">\n      <div class=\"u-clearfix u-sheet u-sheet-1\">\n        <h3 class=\"u-text u-text-1\">COVID 19<\/h3>\n        <p class=\"u-text u-text-2\">Nako\u013eko sa n\u00e1m op\u00e4\u0165 roz\u0161iruje COVID 19, op\u00e4\u0165 pon\u00fakame profesion\u00e1lnu dezinfekciu pre organiz\u00e1cie, firmy a s\u00fakromn\u00e9 osoby. Pon\u00fakan\u00e9 formy dezinfekcie : ULV, postrek klasick\u00fd, rosi\u010d a elektrostatick\u00fd aplik\u00e1tor. Dezinfekcia sa vykon\u00e1va polym\u00e9rovym pr\u00edpravkom, ktor\u00e1 na predmetoch a ploch\u00e1ch vydr\u017e\u00ed 7 a\u017e 14 dn\u00ed po aplik\u00e1cii sa vytvor\u00ed tenk\u00fd bezfarebn\u00fd a bezzapachov\u00fd film,prostriedok je ekologick\u00fd a nepo\u0161kodzuje povrchy ani rastliny.&nbsp;<br>Pre viac inform\u00e1ci\u00ed p\u00ed\u0161te na rattoservis@gmail.com . Alebo volajte na +421 911 433 715\n        <\/p>\n      <\/div>\n    <\/section>\n    <section class=\"u-clearfix u-image u-section-3\" id=\"carousel_cfe2\" data-image-width=\"1280\" data-image-height=\"855\">\n      <div class=\"u-clearfix u-sheet u-valign-bottom-sm u-valign-bottom-xs u-sheet-1\">\n        <div class=\"u-align-left u-container-style u-custom-color-1 u-expanded-width-xs u-group u-group-1\">\n          <div class=\"u-container-layout u-valign-middle-lg u-valign-middle-md u-valign-middle-sm u-valign-middle-xl u-valign-top-xs u-container-layout-1\">\n            <h1 class=\"u-text u-title u-text-1\">Povedzte STOP \u0161kodcom, v\u00edrusom a \u0161pine!<\/h1>\n            <p class=\"u-large-text u-text u-text-default u-text-variant u-text-2\">Dom\u00e1ci \u0161kodcovia s\u00fa p\u00f4vodcami mnoh\u00fdch ochoren\u00ed a alergi\u00ed.<br>Na\u0161a firma sa \u0161pecializuje na ekologick\u00fa dezinfekciu, deratiz\u00e1ciu a dezinsekciu bytov\u00fdch a nebytov\u00fdch priestorov, lebo na va\u0161om zdrav\u00ed n\u00e1m z\u00e1le\u017e\u00ed.&nbsp;\n            <\/p>\n            <a href=\"#carousel_b21e\" class=\"u-active-white u-border-2 u-border-active-white u-border-hover-white u-border-white u-btn u-button-style u-hover-white u-none u-text-active-palette-2-light-1 u-text-hover-palette-2-dark-3 u-text-white u-btn-1\">Pre\u010d\u00edtajte si o n\u00e1s viac<\/a>\n          <\/div>\n        <\/div>\n      <\/div>\n    <\/section>\n    <section class=\"u-align-center u-clearfix u-section-4\" id=\"carousel_b21e\">\n      <div class=\"u-clearfix u-sheet u-sheet-1\">\n        <img src=\"https:\/\/www.rattoservis.sk\/web\/wp-content\/uploads\/2020\/11\/30490196_l-scaled.jpg\" alt=\"\" class=\"u-expanded-width-sm u-expanded-width-xs u-image u-image-default u-image-1\" data-image-width=\"2560\" data-image-height=\"2162\">\n        <h1 class=\"u-text u-text-palette-3-base u-text-1\">Ako v\u00e1m vieme pom\u00f4c\u0165?<\/h1>\n        <p class=\"u-text u-text-2\">N\u00e1\u0161 t\u00edm \u0161pecialistov m\u00e1 rozsiahle sk\u00fasenosti v oblasti ekologickej dezinfekcie, deratiz\u00e1cie a dezinsekcie.<br>Venujeme sa \u0161etrn\u00e9mu \u010disteniu kancel\u00e1rii, re\u0161taur\u00e1cii, vchodov, bytov a domov.<br>Pon\u00fakame kompletn\u00e9 \u010distiace a upratovacie slu\u017eby.\n        <\/p>\n      <\/div>\n    <\/section>\n    <section class=\"u-clearfix u-section-5\" id=\"sec-cd2e\">\n      <div class=\"u-clearfix u-sheet u-valign-middle-lg u-sheet-1\">\n        <div class=\"u-expanded-width-md u-expanded-width-sm u-expanded-width-xs u-list u-repeater u-list-1\">\n          <div class=\"u-align-center-sm u-align-center-xs u-align-left-lg u-align-left-md u-align-left-xl u-container-style u-list-item u-repeater-item u-shape-rectangle u-video-cover\">\n            <div class=\"u-container-layout u-similar-container u-valign-top u-container-layout-1\">\n              <h4 class=\"u-text u-text-palette-3-base u-text-1\">Deratiz\u00e1cia<\/h4>\n              <p class=\"u-text u-text-grey-50 u-text-2\">Nas\u0165ahovali sa k v\u00e1m hlodavce? Na\u0161\u0165astie m\u00e1me pre v\u00e1s rie\u0161enie. M\u00e1me dlhoro\u010dn\u00e9 sk\u00fasenosti s huben\u00edm potkanov.<br>Pre viac inform\u00e1cii kontaktujte na\u0161ich \u0161pecialistov.\n              <\/p>\n            <\/div>\n          <\/div>\n        <\/div>\n        <img src=\"https:\/\/www.rattoservis.sk\/web\/wp-content\/uploads\/2020\/11\/mice.jpg\" alt=\"\" class=\"u-expanded-width-md u-expanded-width-sm u-expanded-width-xs u-image u-image-round u-radius-10 u-image-1\" data-image-width=\"500\" data-image-height=\"290\">\n        <div class=\"u-expanded-width-md u-expanded-width-sm u-expanded-width-xs u-list u-repeater u-list-2\">\n          <div class=\"u-align-center-sm u-align-center-xs u-align-left-lg u-align-left-md u-align-left-xl u-container-style u-list-item u-repeater-item u-shape-rectangle u-video-cover\">\n            <div class=\"u-container-layout u-similar-container u-valign-top-md u-valign-top-sm u-container-layout-2\">\n              <h4 class=\"u-text u-text-palette-3-base u-text-3\">DEZinsekcia<\/h4>\n              <p class=\"u-text u-text-grey-50 u-text-4\">Odstra\u0148ujeme ak\u00fdko\u013evek druh hmyzu. Bez oh\u013eadu na to, \u010di s\u00fa vo vn\u00fatri, alebo mimo v\u00e1\u0161ho domu, alebo podniku.&nbsp;<br>Navrhujeme prisp\u00f4soben\u00e9 rie\u0161enia pre ka\u017ed\u00fd druh hmyzu.&nbsp;<br>M\u00e1te \u0165a\u017ekosti s mravcami, \u0161v\u00e1bmi alebo h\u00fasenicami?&nbsp;<br>Objavte na\u0161e proced\u00fary.<br>\n                <br>\n              <\/p>\n            <\/div>\n          <\/div>\n        <\/div>\n        <img src=\"https:\/\/www.rattoservis.sk\/web\/wp-content\/uploads\/2020\/11\/52e2d64a5753ae01f7c5d57cc42030761d37d7f85257714c7d2872d59e45_1280.jpg\" alt=\"\" class=\"u-expanded-width-md u-expanded-width-sm u-expanded-width-xs u-image u-image-round u-radius-10 u-image-2\" data-image-width=\"1280\" data-image-height=\"960\">\n      <\/div>\n    <\/section>\n    <section class=\"u-clearfix u-section-6\" id=\"sec-5d0a\">\n      <div class=\"u-clearfix u-sheet u-valign-middle-md u-valign-middle-sm u-valign-middle-xs u-sheet-1\">\n        <img src=\"https:\/\/www.rattoservis.sk\/web\/wp-content\/uploads\/2020\/11\/facility-cleaning-disinfect-935x514-1.jpeg\" alt=\"\" class=\"u-expanded-width-md u-expanded-width-sm u-expanded-width-xs u-image u-image-round u-radius-10 u-image-1\" data-image-width=\"935\" data-image-height=\"514\">\n        <div class=\"u-expanded-width-md u-expanded-width-sm u-expanded-width-xs u-list u-repeater u-list-1\">\n          <div class=\"u-align-center-sm u-align-center-xs u-align-left-lg u-align-left-md u-align-left-xl u-container-style u-list-item u-repeater-item u-shape-rectangle u-video-cover\">\n            <div class=\"u-container-layout u-similar-container u-valign-bottom u-container-layout-1\">\n              <h4 class=\"u-text u-text-palette-3-base u-text-1\">DEZinfekcia<\/h4>\n              <p class=\"u-text u-text-grey-50 u-text-2\">Na\u0161a firma pon\u00faka profesion\u00e1lnu dezinfekciu formou studenej hmly(fogovanie) - vysvetlenie:<br>Studen\u00e1 hmla vznik\u00e1 rozpra\u0161ovan\u00edm ve\u013emi jemn\u00e9ho aeros\u00f3lu (mal\u00fdch hmlov\u00fdch kvap\u00f4\u010diek) v priestore. Us\u00e1dza sa na dezinfikovan\u00fdch povrchoch a v\u010faka mal\u00e9mu rozmeru kvap\u00f4\u010diek sa dezinfek\u010dn\u00fd prostriedok dost\u00e1va aj do rohov a \u0165a\u017eko pr\u00edstupn\u00fdch miest. So studenou hmlou mo\u017eno dokonale dezinfikova\u0165 ka\u017ed\u00fa miestnos\u0165. T\u00e1to technol\u00f3gia je vhodn\u00e1 pre dezinfekciu ve\u013ek\u00fdch priestorov: kancel\u00e1ri\u00ed, obchodn\u00fdch priestorov, v\u00fdroby, skladov, bytov\u00fdch domov. Pri pou\u017eit\u00ed studenej hmly doch\u00e1dza k dekontamin\u00e1cii povrchov a kompletnej dezinfekcii, \u010d\u00edm svoje priestory zbav\u00edte bakt\u00e9ri\u00ed a v\u00edrusov vr\u00e1tane koronav\u00edrusu Covid-19. Pr\u00edpravok ktor\u00fd pou\u017e\u00edvame je charakteristick\u00fd siln\u00fdm a dlhotrvaj\u00facim antibakteri\u00e1lnym, antiv\u00edrusov\u00fdm a protiples\u0148ov\u00fdm \u00fa\u010dinkom bez negat\u00edvnych vplyvov na ak\u00e9ko\u013evek o\u0161etrovan\u00e9 materi\u00e1ly (sklo, drevo, kovy, plasty, papier, text\u00edlie, guma ...). Pre pr\u00edpadn\u00e9 ot\u00e1zky n\u00e1s k\u013eudne kontaktujte.<br>\n              <\/p>\n            <\/div>\n          <\/div>\n        <\/div>\n      <\/div>\n    <\/section>\n    <section class=\"u-clearfix u-section-7\" id=\"sec-b39d\">\n      <div class=\"u-clearfix u-sheet u-valign-middle-md u-valign-middle-sm u-valign-middle-xl u-valign-middle-xs u-sheet-1\">\n        <img src=\"https:\/\/www.rattoservis.sk\/web\/wp-content\/uploads\/2020\/11\/commercial-cleaning-3-1-1024x455-1.jpg\" alt=\"\" class=\"u-expanded-width-md u-expanded-width-sm u-expanded-width-xs u-image u-image-round u-radius-22 u-image-1\">\n        <div class=\"u-expanded-width-md u-expanded-width-sm u-expanded-width-xs u-list u-repeater u-list-1\">\n          <div class=\"u-align-center-sm u-align-center-xs u-align-left-lg u-align-left-md u-align-left-xl u-container-style u-list-item u-repeater-item u-shape-rectangle u-video-cover\">\n            <div class=\"u-container-layout u-similar-container u-valign-top u-container-layout-1\">\n              <h4 class=\"u-text u-text-palette-3-base u-text-1\">Upratovacie slu\u017eby<\/h4>\n              <p class=\"u-text u-text-grey-50 u-text-2\">Na\u0161a firma sa okrem slu\u017eieb DDD \u0161pecializuje aj na upratovacie pr\u00e1ce, upratujeme domy, vchody, firmy, administrat\u00edvne budovy...&nbsp;<br>Pre viac inform\u00e1ci\u00ed n\u00e1s nev\u00e1hajte kontaktova\u0165.<br>\n                <br>\n              <\/p>\n            <\/div>\n          <\/div>\n        <\/div>\n      <\/div>\n    <\/section>\n    <section class=\"u-clearfix u-section-8\" id=\"sec-c52e\">\n      <div class=\"u-clearfix u-sheet u-valign-middle-md u-valign-middle-sm u-valign-middle-xs u-sheet-1\">\n        <img class=\"u-expand-resize u-expanded-width u-image u-image-1\" src=\"https:\/\/www.rattoservis.sk\/web\/wp-content\/uploads\/2020\/11\/86295530_2785647398157542_1408314180016013312_o.jpg\" data-image-width=\"1500\" data-image-height=\"847\">\n      <\/div>\n    <\/section>\n    <section class=\"u-clearfix u-section-9\" id=\"carousel_9ec7\">\n      <div class=\"u-clearfix u-sheet u-sheet-1\">\n        <div class=\"u-clearfix u-expanded-width u-gutter-0 u-layout-wrap u-layout-wrap-1\">\n          <div class=\"u-layout\">\n            <div class=\"u-layout-row\">\n              <div class=\"u-align-center u-container-style u-layout-cell u-left-cell u-size-20-md u-size-20-sm u-size-20-xs u-size-23-lg u-size-23-xl u-layout-cell-1\">\n                <div class=\"u-container-layout u-valign-middle-lg u-valign-middle-md u-valign-middle-xl u-container-layout-1\">\n                  <img class=\"u-expand-resize u-image u-image-1\" src=\"https:\/\/www.rattoservis.sk\/web\/wp-content\/uploads\/2020\/11\/cechprofesionalov.png\" data-image-width=\"350\" data-image-height=\"163\" data-href=\"https:\/\/www.cechprofesionalovddd.sk\/\">\n                <\/div>\n              <\/div>\n              <div class=\"u-align-left u-container-style u-layout-cell u-right-cell u-size-37-lg u-size-37-xl u-size-40-md u-size-40-sm u-size-40-xs u-layout-cell-2\">\n                <div class=\"u-container-layout u-container-layout-2\">\n                  <h2 class=\"u-text u-text-palette-3-base u-text-1\">Cech profesion\u00e1lov<\/h2>\n                  <p class=\"u-text u-text-grey-50 u-text-2\">Sme hrd\u00fdm \u010dlenom cechu profesion\u00e1lov Slovenska v oblasti dezinfekcie, dezinsekcie a deratiz\u00e1cie.&nbsp;<br>Cech bol zalo\u017een\u00fd v decembri v roku 1991 a p\u00f4vodne mal 11 \u010dlenov. Je dobrovo\u013enou neziskovou organiz\u00e1ciou, ktor\u00e1 vyv\u00edja \u010dinnos\u0165 na \u00fazem\u00ed Slovenskej republiky.<br>Napriek relat\u00edvne malej \u010dlenskej z\u00e1kladni si vybudoval cech autoritu a uznanie ako reprezentant ob\u010dianskeho profesn\u00e9ho zdru\u017eenia v DDD na Slovensku, u centr\u00e1lnych a region\u00e1lnych \u0161t\u00e1tnych a samospr\u00e1vnych org\u00e1nov, odborn\u00fdch in\u0161tit\u00faci\u00ed, firiem DDD, v\u00fdrobcov a distrib\u00fatorov pr\u00edpravkov DDD, masm\u00e9di\u00ed a \u010fal\u0161\u00edch dom\u00e1cich a zahrani\u010dn\u00fdch partnerov.<br>Zastupuje slovensk\u00fdch profesion\u00e1lov na medzin\u00e1rodnej \u00farovni.<br>\n                  <\/p>\n                <\/div>\n              <\/div>\n            <\/div>\n          <\/div>\n        <\/div>\n      <\/div>\n    <\/section>\n    <section class=\"u-align-center u-clearfix u-palette-5-light-2 u-section-10\" id=\"carousel_03ae\">\n      <div class=\"u-clearfix u-sheet u-sheet-1\">\n        <h1 class=\"u-text u-text-default u-text-palette-3-base u-text-1\">Nev\u00e1hajte n\u00e1s kontaktova\u0165<\/h1>\n        <div class=\"u-clearfix u-expanded-width-lg u-expanded-width-md u-expanded-width-sm u-expanded-width-xs u-layout-wrap u-layout-wrap-1\">\n          <div class=\"u-gutter-0 u-layout\">\n            <div class=\"u-layout-row\">\n              <div class=\"u-container-style u-layout-cell u-right-cell u-size-60 u-white u-layout-cell-1\">\n                <div class=\"u-container-layout u-container-layout-1\">\n                  <h3 class=\"u-align-center u-text u-text-palette-3-base u-text-2\">Email<\/h3>\n                  <div class=\"u-expanded-width u-form u-form-1\">\n                    <form action=\"https:\/\/nicepage.com\/editor\/Forms\/Process\" method=\"POST\" class=\"u-clearfix u-form-spacing-10 u-form-vertical u-inner-form\" style=\"padding: 10px\" source=\"email\" name=\"form\">\n                      <div class=\"u-form-group u-form-name u-form-group-1\">\n                        <label for=\"name-5a14\" class=\"u-form-control-hidden u-label\" wfd-invisible=\"true\">Name<\/label>\n                        <input type=\"text\" placeholder=\"Meno\" id=\"name-5a14\" name=\"name\" class=\"u-border-2 u-border-no-left u-border-no-right u-border-no-top u-border-palette-3-base u-input u-input-rectangle u-white\" required=\"\">\n                      <\/div>\n                      <div class=\"u-form-email u-form-group u-form-group-2\">\n                        <label for=\"email-5a14\" class=\"u-form-control-hidden u-label\" wfd-invisible=\"true\">Email<\/label>\n                        <input type=\"email\" placeholder=\"Emailov\u00e1 adresa\" id=\"email-5a14\" name=\"email\" class=\"u-border-2 u-border-no-left u-border-no-right u-border-no-top u-border-palette-3-base u-input u-input-rectangle u-white\" required=\"\">\n                      <\/div>\n                      <div class=\"u-form-group u-form-message u-form-group-3\">\n                        <label for=\"message-5a14\" class=\"u-form-control-hidden u-label\" wfd-invisible=\"true\">Message<\/label>\n                        <textarea placeholder=\"\u010co m\u00e1te na mysli?\" rows=\"4\" cols=\"50\" id=\"message-5a14\" name=\"message\" class=\"u-border-2 u-border-no-left u-border-no-right u-border-no-top u-border-palette-3-base u-input u-input-rectangle u-white\" required=\"\"><\/textarea>\n                      <\/div>\n                      <div class=\"u-align-center u-form-group u-form-submit u-form-group-4\">\n                        <a href=\"#\" class=\"u-btn u-btn-submit u-button-style u-palette-3-base u-btn-1\">Odosla\u0164<br>\n                        <\/a>\n                        <input type=\"submit\" value=\"submit\" class=\"u-form-control-hidden\" wfd-invisible=\"true\">\n                      <\/div>\n                      <div class=\"u-form-send-message u-form-send-success\" wfd-invisible=\"true\">\u010eakujeme V\u00e1m za prejaven\u00fd z\u00e1ujem. \u010coskoro V\u00e1s budeme kontaktova\u0165.<\/div>\n                      <div class=\"u-form-send-error u-form-send-message\" wfd-invisible=\"true\">Spr\u00e1vu sa nepodarilo odosla\u0165. Pros\u00edm skontrolojte si kontaktn\u00e9 \u00fadaje.<\/div>\n                      <input type=\"hidden\" value=\"\" name=\"recaptchaResponse\" wfd-invisible=\"true\">\n                    <\/form>\n                  <\/div>\n                <\/div>\n              <\/div>\n            <\/div>\n          <\/div>\n        <\/div>\n      <\/div>\n    <\/section>\n    \n    \n    \n  \n<\/div>","protected":false},"excerpt":{"rendered":"<p>COVID 19 Nako\u013eko sa n\u00e1m op\u00e4\u0165 roz\u0161iruje COVID 19, op\u00e4\u0165 pon\u00fakame profesion\u00e1lnu dezinfekciu pre organiz\u00e1cie, firmy a s\u00fakromn\u00e9 osoby. Pon\u00fakan\u00e9 formy dezinfekcie : ULV, postrek klasick\u00fd, rosi\u010d a elektrostatick\u00fd aplik\u00e1tor. Dezinfekcia sa vykon\u00e1va polym\u00e9rovym pr\u00edpravkom, ktor\u00e1 na predmetoch a ploch\u00e1ch vydr\u017e\u00ed 7 a\u017e 14 dn\u00ed po aplik\u00e1cii sa vytvor\u00ed tenk\u00fd bezfarebn\u00fd a bezzapachov\u00fd film,prostriedok je [&hellip;]<\/p>\n","protected":false},"author":1,"featured_media":0,"parent":0,"menu_order":0,"comment_status":"closed","ping_status":"closed","template":"","meta":[],"yoast_head":"<!-- This site is optimized with the Yoast SEO plugin v15.3 - https:\/\/yoast.com\/wordpress\/plugins\/seo\/ -->\n<title>domov - rattoservis.sk<\/title>\n<meta name=\"robots\" content=\"index, follow, max-snippet:-1, max-image-preview:large, max-video-preview:-1\" \/>\n<link rel=\"canonical\" href=\"https:\/\/www.rattoservis.sk\/web\/index.php\/domov\/\" \/>\n<meta property=\"og:locale\" content=\"sk_SK\" \/>\n<meta property=\"og:type\" content=\"article\" \/>\n<meta property=\"og:title\" content=\"domov - rattoservis.sk\" \/>\n<meta property=\"og:description\" content=\"COVID 19 Nako\u013eko sa n\u00e1m op\u00e4\u0165 roz\u0161iruje COVID 19, op\u00e4\u0165 pon\u00fakame profesion\u00e1lnu dezinfekciu pre organiz\u00e1cie, firmy a s\u00fakromn\u00e9 osoby. Pon\u00fakan\u00e9 formy dezinfekcie : ULV, postrek klasick\u00fd, rosi\u010d a elektrostatick\u00fd aplik\u00e1tor. Dezinfekcia sa vykon\u00e1va polym\u00e9rovym pr\u00edpravkom, ktor\u00e1 na predmetoch a ploch\u00e1ch vydr\u017e\u00ed 7 a\u017e 14 dn\u00ed po aplik\u00e1cii sa vytvor\u00ed tenk\u00fd bezfarebn\u00fd a bezzapachov\u00fd film,prostriedok je [&hellip;]\" \/>\n<meta property=\"og:url\" content=\"https:\/\/www.rattoservis.sk\/web\/index.php\/domov\/\" \/>\n<meta property=\"og:site_name\" content=\"rattoservis.sk\" \/>\n<meta property=\"article:modified_time\" content=\"2020-11-20T18:02:25+00:00\" \/>\n<meta name=\"twitter:card\" content=\"summary_large_image\" \/>\n<meta name=\"twitter:label1\" content=\"Autor:\">\n\t<meta name=\"twitter:data1\" content=\"rattoservis\">\n\t<meta name=\"twitter:label2\" content=\"Est. reading time\">\n\t<meta name=\"twitter:data2\" content=\"3 min\u00faty\">\n<script type=\"application\/ld+json\" class=\"yoast-schema-graph\">{\"@context\":\"https:\/\/schema.org\",\"@graph\":[{\"@type\":\"WebSite\",\"@id\":\"https:\/\/www.rattoservis.sk\/web\/#website\",\"url\":\"https:\/\/www.rattoservis.sk\/web\/\",\"name\":\"rattoservis.sk\",\"description\":\"Len \\u010fal\\u0161ia WordPress str\\u00e1nka\",\"potentialAction\":[{\"@type\":\"SearchAction\",\"target\":\"https:\/\/www.rattoservis.sk\/web\/?s={search_term_string}\",\"query-input\":\"required name=search_term_string\"}],\"inLanguage\":\"sk-SK\"},{\"@type\":\"WebPage\",\"@id\":\"https:\/\/www.rattoservis.sk\/web\/index.php\/domov\/#webpage\",\"url\":\"https:\/\/www.rattoservis.sk\/web\/index.php\/domov\/\",\"name\":\"domov - rattoservis.sk\",\"isPartOf\":{\"@id\":\"https:\/\/www.rattoservis.sk\/web\/#website\"},\"datePublished\":\"2020-11-19T17:47:52+00:00\",\"dateModified\":\"2020-11-20T18:02:25+00:00\",\"inLanguage\":\"sk-SK\",\"potentialAction\":[{\"@type\":\"ReadAction\",\"target\":[\"https:\/\/www.rattoservis.sk\/web\/index.php\/domov\/\"]}]}]}<\/script>\n<!-- \/ Yoast SEO plugin. -->","_links":{"self":[{"href":"https:\/\/www.rattoservis.sk\/web\/index.php\/wp-json\/wp\/v2\/pages\/7"}],"collection":[{"href":"https:\/\/www.rattoservis.sk\/web\/index.php\/wp-json\/wp\/v2\/pages"}],"about":[{"href":"https:\/\/www.rattoservis.sk\/web\/index.php\/wp-json\/wp\/v2\/types\/page"}],"author":[{"embeddable":true,"href":"https:\/\/www.rattoservis.sk\/web\/index.php\/wp-json\/wp\/v2\/users\/1"}],"replies":[{"embeddable":true,"href":"https:\/\/www.rattoservis.sk\/web\/index.php\/wp-json\/wp\/v2\/comments?post=7"}],"version-history":[{"count":6,"href":"https:\/\/www.rattoservis.sk\/web\/index.php\/wp-json\/wp\/v2\/pages\/7\/revisions"}],"predecessor-version":[{"id":48,"href":"https:\/\/www.rattoservis.sk\/web\/index.php\/wp-json\/wp\/v2\/pages\/7\/revisions\/48"}],"wp:attachment":[{"href":"https:\/\/www.rattoservis.sk\/web\/index.php\/wp-json\/wp\/v2\/media?parent=7"}],"curies":[{"name":"wp","href":"https:\/\/api.w.org\/{rel}","templated":true}]}}